{"id":43,"date":"2022-10-21T09:54:57","date_gmt":"2022-10-21T09:54:57","guid":{"rendered":"https:\/\/aliopacto.es\/?page_id=43"},"modified":"2022-10-21T10:28:04","modified_gmt":"2022-10-21T10:28:04","slug":"quienes-somos","status":"publish","type":"page","link":"https:\/\/aliopacto.es\/?page_id=43","title":{"rendered":"Quienes somos?"},"content":{"rendered":"<p>[et_pb_section fb_built=\u00bb1&#8243; fullwidth=\u00bbon\u00bb admin_label=\u00bbPage Header\u00bb _builder_version=\u00bb4.18.0&#8243; background_image=\u00bbhttps:\/\/aliopacto.es\/wp-content\/uploads\/2022\/10\/business-01.jpg\u00bb parallax=\u00bbon\u00bb global_colors_info=\u00bb{}\u00bb][et_pb_fullwidth_header title=\u00bbALIO PACTO S.L\u00bb subhead=\u00bbHagamos que todo encaje\u00bb text_orientation=\u00bbcenter\u00bb button_one_url=\u00bb#\u00bb button_two_url=\u00bb#\u00bb admin_label=\u00bbHero Section\u00bb _builder_version=\u00bb4.18.0&#8243; title_font=\u00bbMontserrat|on|||\u00bb title_font_size=\u00bb76px\u00bb title_line_height=\u00bb1.4em\u00bb content_font_size=\u00bb22px\u00bb content_line_height=\u00bb1.8em\u00bb subhead_font=\u00bb||||\u00bb subhead_font_size=\u00bb35px\u00bb subhead_line_height=\u00bb1.1em\u00bb background_color=\u00bbrgba(255, 255, 255, 0)\u00bb use_background_color_gradient=\u00bbon\u00bb background_color_gradient_stops=\u00bbrgba(58,52,226,0.93) 0%|rgba(73,108,220,0.7) 100%\u00bb background_color_gradient_start=\u00bbrgba(58,52,226,0.93)\u00bb background_color_gradient_end=\u00bbrgba(73,108,220,0.7)\u00bb background_image=\u00bbhttps:\/\/aliopacto.es\/wp-content\/uploads\/2022\/10\/IMG_8760-rotated.jpg\u00bb custom_button_one=\u00bbon\u00bb button_one_text_size=\u00bb16px\u00bb button_one_bg_color=\u00bb#6eba01&#8243; button_one_border_width=\u00bb2px\u00bb button_one_border_color=\u00bb#6eba01&#8243; button_one_border_radius=\u00bb0&#8243; button_one_letter_spacing=\u00bb2&#8243; button_one_font=\u00bbMontserrat|||on|\u00bb button_one_use_icon=\u00bboff\u00bb custom_button_two=\u00bbon\u00bb button_two_text_size=\u00bb16px\u00bb button_two_border_width=\u00bb2px\u00bb button_two_border_color=\u00bb#ffffff\u00bb button_two_border_radius=\u00bb0&#8243; button_two_letter_spacing=\u00bb2&#8243; button_two_font=\u00bbMontserrat|||on|\u00bb button_two_use_icon=\u00bboff\u00bb module_alignment=\u00bbleft\u00bb custom_margin=\u00bb||||true|false\u00bb custom_padding=\u00bb0px||0px||false|false\u00bb hover_enabled=\u00bb0&#8243; subhead_text_shadow_style=\u00bbpreset1&#8243; subhead_text_shadow_horizontal_length=\u00bb0.03em\u00bb subhead_text_shadow_blur_strength=\u00bb0em\u00bb subhead_text_shadow_color=\u00bb#000000&#8243; text_shadow_style=\u00bbpreset4&#8243; text_shadow_horizontal_length=\u00bb0.36em\u00bb button_one_text_color_hover=\u00bb#6eba01&#8243; button_two_text_color_hover=\u00bb#6eba01&#8243; button_one_border_color_hover=\u00bb#ffffff\u00bb button_two_border_color_hover=\u00bb#ffffff\u00bb button_one_border_radius_hover=\u00bb0&#8243; button_two_border_radius_hover=\u00bb0&#8243; button_one_letter_spacing_hover=\u00bb2&#8243; button_two_letter_spacing_hover=\u00bb2&#8243; button_one_bg_color_hover=\u00bb#ffffff\u00bb button_two_bg_color_hover=\u00bb#ffffff\u00bb global_colors_info=\u00bb{}\u00bb button_one_text_size__hover_enabled=\u00bboff\u00bb button_two_text_size__hover_enabled=\u00bboff\u00bb button_one_text_color__hover_enabled=\u00bbon\u00bb button_one_text_color__hover=\u00bb#6eba01&#8243; button_two_text_color__hover_enabled=\u00bbon\u00bb button_two_text_color__hover=\u00bb#6eba01&#8243; button_one_border_width__hover_enabled=\u00bboff\u00bb button_two_border_width__hover_enabled=\u00bboff\u00bb button_one_border_color__hover_enabled=\u00bbon\u00bb button_one_border_color__hover=\u00bb#ffffff\u00bb button_two_border_color__hover_enabled=\u00bbon\u00bb button_two_border_color__hover=\u00bb#ffffff\u00bb button_one_border_radius__hover_enabled=\u00bbon\u00bb button_one_border_radius__hover=\u00bb0&#8243; button_two_border_radius__hover_enabled=\u00bbon\u00bb button_two_border_radius__hover=\u00bb0&#8243; button_one_letter_spacing__hover_enabled=\u00bbon\u00bb button_one_letter_spacing__hover=\u00bb2&#8243; button_two_letter_spacing__hover_enabled=\u00bbon\u00bb button_two_letter_spacing__hover=\u00bb2&#8243; button_one_bg_color__hover_enabled=\u00bbon\u00bb button_one_bg_color__hover=\u00bb#ffffff\u00bb button_two_bg_color__hover_enabled=\u00bbon\u00bb button_two_bg_color__hover=\u00bb#ffffff\u00bb hover_transition_duration=\u00bb0ms\u00bb sticky_enabled=\u00bb0&#8243;][\/et_pb_fullwidth_header][\/et_pb_section][et_pb_section fb_built=\u00bb1&#8243; _builder_version=\u00bb4.18.0&#8243; _module_preset=\u00bbdefault\u00bb global_colors_info=\u00bb{}\u00bb][et_pb_row _builder_version=\u00bb4.18.0&#8243; _module_preset=\u00bbdefault\u00bb global_colors_info=\u00bb{}\u00bb][et_pb_column type=\u00bb4_4&#8243; _builder_version=\u00bb4.18.0&#8243; _module_preset=\u00bbdefault\u00bb global_colors_info=\u00bb{}\u00bb][et_pb_text _builder_version=\u00bb4.18.0&#8243; _module_preset=\u00bbdefault\u00bb global_colors_info=\u00bb{}\u00bb]<\/p>\n<h1 style=\"text-align: center;\"><strong>LA EMPRESA<\/strong><\/h1>\n<p><strong><\/strong><\/p>\n<p><strong>ALIO PACTO <\/strong><em>(Madrid, 13 de enero de 2012 &#8211;\u00a0 ). Conjunto de personas enfoca<\/em><em>das a mejorar lo que les rodea. Trabajamos bajo la premisa:<\/em><\/p>\n<p style=\"text-align: center;\"><em><strong>Si nuestro entorno mejora, nosotros mejoramos<\/strong><\/em><\/p>\n<p>El nombre de la empresa<strong>\u00a0 <\/strong>proviene del lat\u00edn y viene a significar \u201cde otro modo\u201d y es as\u00ed como planteamos el futuro del mundo en el que nos desenvolvemos, de otra manera, con otro enfoque.<\/p>\n<p>La buena noticia es que todo es mejorable, con peque\u00f1os cambios, o con cambios radicales, todo es susceptible de mejora. Pero cambiar requiere esfuerzo, energ\u00eda, que debe ser aplicada en tiempo y forma para que nos d\u00e9 los resultados que esperamos.<\/p>\n<p>&nbsp;<\/p>\n<p>Nuestro entorno evoluciona de forma continua, buscando siempre el estado m\u00e1s probable y el entorno empresarial tambi\u00e9n est\u00e1 en continua evoluci\u00f3n.<\/p>\n<p>Buscamos que el estado m\u00e1s probable sea el mejor posible.<\/p>\n<p>Si nuestro entorno mejora, mejora la Calidad, la Sostenibilidad, la Igualdad, y en general todo aquello que representa nuestro mundo. Y hoy en d\u00eda, con amplitud de miras, nuestro mundo es nuestro Planeta Tierra.<\/p>\n<p>Entendemos que no siempre es posible mejorar todo a la vez, y a nivel planetario, pero si centramos el objetivo global en la \u201cmejora del entorno\u201d, mi medio ambiente, mis vecinos, mi familia, mis compa\u00f1eros,\u2026, esa mejor\u00eda tambi\u00e9n me incluir\u00e1 a m\u00ed.<\/p>\n<p>Como hemos dicho el nombre de la empresa<strong>\u00a0 <\/strong>proviene del lat\u00edn y viene a significar \u201cde otro modo\u201d y es as\u00ed como planteamos el futuro del mundo en el que nos desenvolvemos, de otra manera, con otro enfoque.<\/p>\n<h1 style=\"text-align: center;\"><strong><\/strong><\/h1>\n<h1 style=\"text-align: center;\"><strong><\/strong><\/h1>\n<h1 style=\"text-align: center;\"><strong><\/strong><\/h1>\n<h1 style=\"text-align: center;\"><strong><\/strong><\/h1>\n<h1 style=\"text-align: center;\"><strong><\/strong><\/h1>\n<h1 style=\"text-align: center;\"><strong><\/strong><\/h1>\n<h1 style=\"text-align: center;\"><strong><\/strong><\/h1>\n<h1 style=\"text-align: center;\"><strong><\/strong><\/h1>\n<h1 style=\"text-align: center;\"><strong><\/strong><\/h1>\n<h1 style=\"text-align: center;\"><strong><\/strong><\/h1>\n<h1 style=\"text-align: center;\"><strong><\/strong><\/h1>\n<h1 style=\"text-align: center;\"><strong><\/strong><\/h1>\n<h1 style=\"text-align: center;\"><strong>Nuestra Responsabilidad: MEJORAR<\/strong><\/h1>\n<p><strong><\/strong><\/p>\n<p><strong><\/strong><\/p>\n<p>Nuestra responsabilidad se centre en la mejora, en su amplio espectro. Buscamos el desarrollo de modelos que implique importantes mejoras en las organizaciones.<\/p>\n<p>Para ello hemos desarrollado un binomio de actividades que se agrupan por un lado en lo que hemos denominado el Laboratorio de Ideas y por otro en la Divisi\u00f3n de Consultor\u00eda.<\/p>\n<p>En la interrelaci\u00f3n de las dos Divisiones est\u00e1 el \u00e9xito de los procesos de mejora que desarrollamos.<\/p>\n<p>Nuestra forma de trabajar combina los tres tipos del enfoque cient\u00edfico:<\/p>\n<p>&nbsp;<\/p>\n<ul>\n<li style=\"list-style-type: none;\">\n<ul>\n<li style=\"list-style-type: none;\">\n<ul>\n<li>Ciencia Te\u00f3rica<\/li>\n<li>Ciencia Experimental<\/li>\n<li>Ciencia Aplicada<\/li>\n<\/ul>\n<\/li>\n<\/ul>\n<\/li>\n<\/ul>\n<p>Los dos primeros se desarrollan en lo que denominamos el Laboratorio de Ideas, con un trabajo de investigaci\u00f3n real que busca desarrollar nuevos enfoque a las ciencias relacionadas con las empresas y las organizaciones, y d\u00f3nde se prueban frente a la realidad de las empresas. En el Laboratorio se analizan los posibles enfoques que se pueden aplicar a las empresas, de forma experimental y controlada antes de proceder a su implantaci\u00f3n. Implantaci\u00f3n que solo se produce cuando existen las mayores garant\u00edas de \u00e9xito de los modelos y procesos seleccionados.<\/p>\n<p>La Consultar\u00eda se centra en aprovechar los resultados del Laboratorio, tanto de las nuevas ideas que se estudian a nivel general, como de los planteamientos espec\u00edficos\u00a0 que se analizan para las empresas con las que trabajamos.<\/p>\n<p>Adem\u00e1s consideramos siempre los procesos y t\u00e9cnicas existentes y contrastadas como parte del trabajo que desarrollamos con y para nuestros clientes y colaboradores.<\/p>\n<p>&nbsp;<\/p>\n<p>[\/et_pb_text][\/et_pb_column][\/et_pb_row][\/et_pb_section][et_pb_section fb_built=\u00bb1&#8243; _builder_version=\u00bb4.18.0&#8243; _module_preset=\u00bbdefault\u00bb custom_margin=\u00bb-1px|||||\u00bb global_colors_info=\u00bb{}\u00bb][et_pb_row _builder_version=\u00bb4.18.0&#8243; _module_preset=\u00bbdefault\u00bb global_colors_info=\u00bb{}\u00bb][et_pb_column type=\u00bb4_4&#8243; _builder_version=\u00bb4.18.0&#8243; _module_preset=\u00bbdefault\u00bb global_colors_info=\u00bb{}\u00bb][et_pb_text _builder_version=\u00bb4.18.0&#8243; _module_preset=\u00bbdefault\u00bb global_colors_info=\u00bb{}\u00bb]<\/p>\n<h1 style=\"text-align: center;\"><strong>Y por supuesto tenemos siempre en mente otros principios como:<\/strong><\/h1>\n<p>[\/et_pb_text][\/et_pb_column][\/et_pb_row][\/et_pb_section][et_pb_section fb_built=\u00bb1&#8243; _builder_version=\u00bb4.18.0&#8243; _module_preset=\u00bbdefault\u00bb global_colors_info=\u00bb{}\u00bb][et_pb_row column_structure=\u00bb1_3,1_3,1_3&#8243; _builder_version=\u00bb4.18.0&#8243; _module_preset=\u00bbdefault\u00bb width=\u00bb54%\u00bb custom_margin=\u00bb-120px||||false|false\u00bb global_colors_info=\u00bb{}\u00bb][et_pb_column type=\u00bb1_3&#8243; _builder_version=\u00bb4.18.0&#8243; _module_preset=\u00bbdefault\u00bb global_colors_info=\u00bb{}\u00bb][et_pb_image src=\u00bbhttps:\/\/aliopacto.es\/wp-content\/uploads\/2022\/10\/1839325.png\u00bb title_text=\u00bb1839325&#8243; _builder_version=\u00bb4.18.0&#8243; _module_preset=\u00bbdefault\u00bb global_colors_info=\u00bb{}\u00bb][\/et_pb_image][et_pb_text _builder_version=\u00bb4.18.0&#8243; _module_preset=\u00bbdefault\u00bb global_colors_info=\u00bb{}\u00bb]<\/p>\n<h2 style=\"text-align: center;\"><em><strong>Seguridad Laboral \u2013 Prevenci\u00f3n de Riesgos Laborales<\/strong><\/em><\/h2>\n<p>[\/et_pb_text][\/et_pb_column][et_pb_column type=\u00bb1_3&#8243; _builder_version=\u00bb4.18.0&#8243; _module_preset=\u00bbdefault\u00bb global_colors_info=\u00bb{}\u00bb][et_pb_image src=\u00bbhttps:\/\/aliopacto.es\/wp-content\/uploads\/2022\/10\/rsc.webp\u00bb title_text=\u00bbrsc\u00bb _builder_version=\u00bb4.18.0&#8243; _module_preset=\u00bbdefault\u00bb locked=\u00bboff\u00bb global_colors_info=\u00bb{}\u00bb][\/et_pb_image][et_pb_text _builder_version=\u00bb4.18.0&#8243; _module_preset=\u00bbdefault\u00bb locked=\u00bboff\u00bb global_colors_info=\u00bb{}\u00bb]<\/p>\n<h2 style=\"text-align: center;\"><em><strong>RSC<\/strong><\/em><\/h2>\n<p>[\/et_pb_text][\/et_pb_column][et_pb_column type=\u00bb1_3&#8243; _builder_version=\u00bb4.18.0&#8243; _module_preset=\u00bbdefault\u00bb global_colors_info=\u00bb{}\u00bb][et_pb_image src=\u00bbhttps:\/\/aliopacto.es\/wp-content\/uploads\/2022\/10\/igualdad-genero-empresario-empresaria-escalas_53562-6840.webp\u00bb title_text=\u00bbigualdad-genero-empresario-empresaria-escalas_53562-6840&#8243; _builder_version=\u00bb4.18.0&#8243; _module_preset=\u00bbdefault\u00bb locked=\u00bboff\u00bb global_colors_info=\u00bb{}\u00bb][\/et_pb_image][et_pb_text _builder_version=\u00bb4.18.0&#8243; _module_preset=\u00bbdefault\u00bb locked=\u00bboff\u00bb global_colors_info=\u00bb{}\u00bb]<\/p>\n<h2 style=\"text-align: center;\"><em><strong>Igualdad de genero<br \/><\/strong><\/em><\/h2>\n<p>[\/et_pb_text][\/et_pb_column][\/et_pb_row][\/et_pb_section][et_pb_section fb_built=\u00bb1&#8243; _builder_version=\u00bb4.18.0&#8243; _module_preset=\u00bbdefault\u00bb global_colors_info=\u00bb{}\u00bb][et_pb_row _builder_version=\u00bb4.18.0&#8243; _module_preset=\u00bbdefault\u00bb global_colors_info=\u00bb{}\u00bb][et_pb_column type=\u00bb4_4&#8243; _builder_version=\u00bb4.18.0&#8243; _module_preset=\u00bbdefault\u00bb global_colors_info=\u00bb{}\u00bb][et_pb_text _builder_version=\u00bb4.18.0&#8243; _module_preset=\u00bbdefault\u00bb global_colors_info=\u00bb{}\u00bb]<\/p>\n<h1 style=\"text-align: center;\"><strong>Nuestro Equipo<\/strong><\/h1>\n<p><strong><\/strong><\/p>\n<p><strong><\/strong><\/p>\n<p>Contamos con un equipo de colaboradores diverso. Cubrimos toda la gama de perfiles que se engloban bajo el modelo STEAM (Science-Technology-Engineering-Arts-Mathematics = Ciencia-Tecnolog\u00eda-Ingenier\u00eda-Artes-Matem\u00e1ticas).<\/p>\n<p>Trabajamos con una pol\u00edtica que combina la experiencia con la incorporaci\u00f3n de j\u00f3venes perfiles que se complementan en el planteamiento de soluciones y enfoques disruptivos para mejorar los productos, procesos y en general las empresas y su entorno.<\/p>\n<p>Equilibramos los equipos con perfiles que cubren los aspectos, creativos, realistas y cr\u00edticos, necesarios para asegurar una consultor\u00eda excelente.<\/p>\n<p>Y el principal refuerzo de nuestros equipos proviene de las propias organizaciones con las que trabajamos. Son estos perfiles los que mejor conocen a su organizaci\u00f3n, sus productos y servicios, y son ellos los que desarrollar\u00e1n la nueva realidad que conjuntamente vamos a crear.<\/p>\n<p>Nuestra estrategia valora la formaci\u00f3n como el n\u00facleo central de los procesos. La involucraci\u00f3n del personal de la empresa en los equipos consultivos har\u00e1 que desde el minuto uno los involucrados adquieran habilidades que hasta ahora han tenido ocultas.<\/p>\n<p>Y cuando hablamos de la mejora de habilidades no nos referimos solo al personal de la empresa, tambi\u00e9n nuestro personal se enriquece con la metodolog\u00eda que utilizamos.<\/p>\n<p><strong><\/strong><\/p>\n<p>[\/et_pb_text][\/et_pb_column][\/et_pb_row][\/et_pb_section][et_pb_section fb_built=\u00bb1&#8243; _builder_version=\u00bb4.18.0&#8243; _module_preset=\u00bbdefault\u00bb global_colors_info=\u00bb{}\u00bb][et_pb_row _builder_version=\u00bb4.18.0&#8243; _module_preset=\u00bbdefault\u00bb global_colors_info=\u00bb{}\u00bb][et_pb_column type=\u00bb4_4&#8243; _builder_version=\u00bb4.18.0&#8243; _module_preset=\u00bbdefault\u00bb global_colors_info=\u00bb{}\u00bb][et_pb_image src=\u00bbhttps:\/\/aliopacto.es\/wp-content\/uploads\/2022\/10\/mesa.png\u00bb title_text=\u00bbmesa\u00bb align=\u00bbcenter\u00bb _builder_version=\u00bb4.18.0&#8243; _module_preset=\u00bbdefault\u00bb min_height=\u00bb520px\u00bb height=\u00bb231px\u00bb global_colors_info=\u00bb{}\u00bb][\/et_pb_image][\/et_pb_column][\/et_pb_row][\/et_pb_section]<\/p>\n","protected":false},"excerpt":{"rendered":"<p>LA EMPRESA ALIO PACTO (Madrid, 13 de enero de 2012 &#8211;\u00a0 ). Conjunto de personas enfocadas a mejorar lo que les rodea. Trabajamos bajo la premisa: Si nuestro entorno mejora, nosotros mejoramos El nombre de la empresa\u00a0 proviene del lat\u00edn y viene a significar \u201cde otro modo\u201d y es as\u00ed como planteamos el futuro del [&hellip;]<\/p>\n","protected":false},"author":1,"featured_media":0,"parent":0,"menu_order":0,"comment_status":"closed","ping_status":"closed","template":"","meta":{"_et_pb_use_builder":"on","_et_pb_old_content":"","_et_gb_content_width":"","footnotes":""},"class_list":["post-43","page","type-page","status-publish","hentry"],"_links":{"self":[{"href":"https:\/\/aliopacto.es\/index.php?rest_route=\/wp\/v2\/pages\/43","targetHints":{"allow":["GET"]}}],"collection":[{"href":"https:\/\/aliopacto.es\/index.php?rest_route=\/wp\/v2\/pages"}],"about":[{"href":"https:\/\/aliopacto.es\/index.php?rest_route=\/wp\/v2\/types\/page"}],"author":[{"embeddable":true,"href":"https:\/\/aliopacto.es\/index.php?rest_route=\/wp\/v2\/users\/1"}],"replies":[{"embeddable":true,"href":"https:\/\/aliopacto.es\/index.php?rest_route=%2Fwp%2Fv2%2Fcomments&post=43"}],"version-history":[{"count":5,"href":"https:\/\/aliopacto.es\/index.php?rest_route=\/wp\/v2\/pages\/43\/revisions"}],"predecessor-version":[{"id":63,"href":"https:\/\/aliopacto.es\/index.php?rest_route=\/wp\/v2\/pages\/43\/revisions\/63"}],"wp:attachment":[{"href":"https:\/\/aliopacto.es\/index.php?rest_route=%2Fwp%2Fv2%2Fmedia&parent=43"}],"curies":[{"name":"wp","href":"https:\/\/api.w.org\/{rel}","templated":true}]}}